{"id":18,"date":"2021-01-12T09:20:17","date_gmt":"2021-01-12T07:20:17","guid":{"rendered":"http:\/\/www.karjavarkaan.com\/?page_id=18"},"modified":"2024-11-27T11:29:40","modified_gmt":"2024-11-27T09:29:40","slug":"kennel-karjavarkaan-welsh-corgi-cardiganit","status":"publish","type":"page","link":"https:\/\/www.karjavarkaan.com\/","title":{"rendered":"Kennel Karjavarkaan Welsh Corgi Cardiganit"},"content":{"rendered":"\n<p class=\"has-text-align-center\">Cardimaista el\u00e4m\u00e4\u00e4 jo vuodesta 1999<\/p>\n\n\n\n<p class=\"has-text-align-center\"><br><\/p>\n","protected":false},"excerpt":{"rendered":"<p>Cardimaista el\u00e4m\u00e4\u00e4 jo vuodesta 1999<\/p>\n","protected":false},"author":1,"featured_media":67,"parent":0,"menu_order":0,"comment_status":"closed","ping_status":"closed","template":"","meta":{"ngg_post_thumbnail":0,"footnotes":""},"class_list":["post-18","page","type-page","status-publish","has-post-thumbnail","hentry"],"_links":{"self":[{"href":"https:\/\/www.karjavarkaan.com\/index.php?rest_route=\/wp\/v2\/pages\/18","targetHints":{"allow":["GET"]}}],"collection":[{"href":"https:\/\/www.karjavarkaan.com\/index.php?rest_route=\/wp\/v2\/pages"}],"about":[{"href":"https:\/\/www.karjavarkaan.com\/index.php?rest_route=\/wp\/v2\/types\/page"}],"author":[{"embeddable":true,"href":"https:\/\/www.karjavarkaan.com\/index.php?rest_route=\/wp\/v2\/users\/1"}],"replies":[{"embeddable":true,"href":"https:\/\/www.karjavarkaan.com\/index.php?rest_route=%2Fwp%2Fv2%2Fcomments&post=18"}],"version-history":[{"count":14,"href":"https:\/\/www.karjavarkaan.com\/index.php?rest_route=\/wp\/v2\/pages\/18\/revisions"}],"predecessor-version":[{"id":748,"href":"https:\/\/www.karjavarkaan.com\/index.php?rest_route=\/wp\/v2\/pages\/18\/revisions\/748"}],"wp:featuredmedia":[{"embeddable":true,"href":"https:\/\/www.karjavarkaan.com\/index.php?rest_route=\/wp\/v2\/media\/67"}],"wp:attachment":[{"href":"https:\/\/www.karjavarkaan.com\/index.php?rest_route=%2Fwp%2Fv2%2Fmedia&parent=18"}],"curies":[{"name":"wp","href":"https:\/\/api.w.org\/{rel}","templated":true}]}}