{"id":30,"date":"2021-01-12T09:31:57","date_gmt":"2021-01-12T07:31:57","guid":{"rendered":"http:\/\/www.karjavarkaan.com\/?page_id=30"},"modified":"2024-02-02T12:30:49","modified_gmt":"2024-02-02T10:30:49","slug":"kasvatit","status":"publish","type":"page","link":"http:\/\/www.karjavarkaan.com\/?page_id=30","title":{"rendered":"Kasvatit"},"content":{"rendered":"\n<figure class=\"wp-block-table alignwide\"><table><tbody><tr><td><strong>K-PENTUE 15.3.2008<\/strong><\/td><td>silm\u00e4t<\/td><td>polvet<\/td><td>lonkat<\/td><td>BLUP<\/td><td>kyyn\u00e4r<\/td><td>selk\u00e4<\/td><td>n\u00e4yttely<\/td><\/tr><tr><td><strong>Konnankoukku<\/strong><br>15.3.2008-10.6.2020<\/td><td>ok<\/td><td>0\/0<\/td><td>C\/C<\/td><td>98<\/td><td>0\/0<\/td><td>ev muuten ok, VA1 *<\/td><td>EH<\/td><\/tr><tr><td><strong>Korttelin Kingi<\/strong><br>15.3.2008-27.11.2022<\/td><td>ok<\/td><td>0\/0<\/td><td>D\/D<\/td><td>94<\/td><td>0\/0<\/td><td>ev ok<\/td><td>EH<\/td><\/tr><tr><td><strong>Kaunis Kelmi<\/strong><br>15.3.2008-20.6.2023<\/td><td>ok<\/td><td>&#8211;<\/td><td>C\/D<\/td><td>96<\/td><td>0\/0<\/td><td>ev ok<\/td><td>SERT<\/td><\/tr><tr><td><strong>Kepulikonsti<\/strong><br>15.3.2008-16.4.2020<\/td><td>&#8211;<\/td><td>0\/0<\/td><td>D\/D<\/td><td>93<\/td><td>0\/0<\/td><td>ev ok<\/td><td>H<\/td><\/tr><tr><td><\/td><\/tr><tr><td><strong>Kuokkavieras<\/strong><br>15.3.2008-30.3.2021<\/td><td>ok<\/td><td>0\/0<\/td><td>C\/D<\/td><td>97<\/td><td>0\/0<\/td><td>ev ok<\/td><td>H<\/td><\/tr><tr><td><strong>Kuperkeikka<\/strong><br>15.3.2008-xx.xx.2018<\/td><td>ev ok<\/td><td>&#8211;<\/td><td>E\/E<\/td><td>87<\/td><td>0\/0<\/td><td>ev muuten ok, SP1 **<\/td><td>&#8211;<\/td><\/tr><tr><td><strong>K\u00f6yh\u00e4t Kyykkyyn<\/strong><\/td><td>ok<\/td><td>0\/0<\/td><td>C\/C<\/td><td>103<\/td><td>0\/0<\/td><td>ev ok<\/td><td>FI MVA<\/td><\/tr><tr><td>15.3.2008-26.5.2020<\/td><\/tr><tr><td>* VA1, blokkinikama<br>** SP1, yksi luusilta<\/td><\/tr><tr><td><br><\/td><\/tr><tr><td><strong>R-PENTUE 29.8.2011<\/strong><\/td><td>silm\u00e4t<\/td><td>polvet<\/td><td>lonkat<\/td><td>BLUP<\/td><td>kyyn\u00e4r<\/td><td>selk\u00e4<\/td><td>n\u00e4yttely<\/td><\/tr><tr><td><strong>Ritari\u00e4ss\u00e4<\/strong><\/td><td>ok<\/td><td>0\/0<\/td><td>C\/C<\/td><td>120<\/td><td>0\/0<\/td><td>IDD0, VA0, SP0, LTV2<\/td><td>H<\/td><\/tr><tr><td><strong>Remontti Reiska<\/strong><\/td><td>&#8211;<\/td><td>0\/0<\/td><td>B\/C<\/td><td>117<\/td><td>0\/0<\/td><td>v\u00e4lilevytyr\u00e4<\/td><td>H<\/td><\/tr><tr><td><strong>Raivoraitis<\/strong><\/td><td>&#8211;<\/td><td>&#8211;<\/td><td>C\/C<\/td><td>116<\/td><td>0\/0<\/td><td>&#8211;<\/td><td>H<\/td><\/tr><tr><td><strong>Riivi\u00f6 Rekku<\/strong><\/td><td>&#8211;<\/td><td>&#8211;<\/td><td>C\/C<\/td><td>116<\/td><td>0\/0<\/td><td>IDD1 (K1),VA0, SP0, LTV1<\/td><td>&#8211;<\/td><\/tr><tr><td><strong>Risto Reipas<\/strong><\/td><td>ok<\/td><td>0\/0<\/td><td>A\/A<\/td><td>126<\/td><td>0\/0<\/td><td>&#8211;<\/td><td>&#8211;<\/td><\/tr><tr><td><strong>Rasavilli<\/strong><\/td><td>&#8211;<\/td><td>&#8211;<\/td><td>&#8211;<\/td><td>&#8211;<\/td><td>&#8211;<\/td><td>&#8211;<\/td><td>&#8211;<\/td><\/tr><tr><td><strong>Riskibisnes<\/strong><br>29.8.2011-13.5.2023<\/td><td>ok<\/td><td>ev 0\/0<\/td><td>B\/C<\/td><td>118<\/td><td>0\/0<\/td><td>IDD1 (K1), VA0, SP0, LTV3<\/td><td>EH<\/td><\/tr><tr><td><strong>Revoluutio<\/strong><\/td><td>&#8211;<\/td><td>&#8211;<\/td><td>D\/D<\/td><td>109<\/td><td>0\/0<\/td><td>&#8211;<\/td><td>&#8211;<\/td><\/tr><tr><td><strong>Rommirusina<br><\/strong><\/td><td>&#8211;<\/td><td>&#8211;<\/td><td>&#8211;<\/td><td>&#8211;<\/td><td>&#8211;<\/td><td>v\u00e4lilevytyr\u00e4 2\/18<br>toipui ilman leikkausta<\/td><td>&#8211;<\/td><\/tr><tr><td><br><\/td><\/tr><tr><td><strong>J-PENTUE 04.11.2014<\/strong><\/td><td>silm\u00e4t<\/td><td>polvet<\/td><td>lonkat<\/td><td>BLUP<\/td><td>kyyn\u00e4r<\/td><td>selk\u00e4<\/td><td>n\u00e4yttely<\/td><\/tr><tr><td><strong>Joku T\u00f6rh\u00f6nen<\/strong><\/td><td>*<\/td><td>0\/0<\/td><td>C\/B<\/td><td>112<\/td><td>ED 0\/0<\/td><td>IDD1 (K2), VA0, SP0, LTV2<\/td><td>EH<\/td><\/tr><tr><td><strong>Just Eik\u00e4 Melkein<\/strong><\/td><td>ok<\/td><td>0\/0<\/td><td>B\/B<\/td><td>117<\/td><td>ED 0\/0<\/td><td>IDD1 (K1), VA1*, SP0, LTV1<br>*1 ahdas nikamav\u00e4li<\/td><td>ERI<\/td><\/tr><tr><td><strong>Jokapaikan H\u00f6yl\u00e4<\/strong> ***<br>4.11.2014-26.5.2023<\/td><td>**<\/td><td>&#8211;<\/td><td>&#8211;<\/td><td>&#8211;<\/td><td>&#8211;<\/td><td>&#8211;<\/td><td>&#8211;<\/td><\/tr><tr><td>* kortikaalinen katarakta<br>** ev katarakta<br>*** kystinuria<br><\/td><\/tr><tr><td><strong>T-PENTUE 08.05.2015<\/strong><\/td><td>silm\u00e4t<\/td><td>polvet<\/td><td>lonkat<\/td><td>BLUP<\/td><td>kyyn\u00e4r<\/td><td>selk\u00e4<\/td><td>n\u00e4yttely<\/td><\/tr><tr><td><strong>Tasmanian Tuholainen<\/strong><\/td><td>&#8211;<\/td><td>&#8211;<\/td><td>&#8211;<\/td><td>&#8211;<\/td><td>&#8211;<\/td><td>&#8211;<\/td><td>&#8211;<\/td><\/tr><tr><td><strong>Tahmatassu<\/strong><\/td><td>&#8211;<\/td><td>&#8211;<\/td><td>&#8211;<\/td><td>&#8211;<\/td><td>&#8211;<\/td><td>&#8211;<\/td><td>&#8211;<\/td><\/tr><tr><td><strong>Tornado<\/strong><\/td><td>&#8211;<\/td><td>&#8211;<\/td><td>C\/C<\/td><td>108<\/td><td>0\/0<\/td><td>&#8211;<\/td><td>&#8211;<\/td><\/tr><tr><td><strong>Tyhj\u00e4tasku<\/strong><\/td><td>&#8211;<\/td><td>&#8211;<\/td><td>C\/C<\/td><td>108<\/td><td>0\/0<\/td><td>IDD3 (K5), VA0, SP0, LTV1<\/td><td>SA<\/td><\/tr><tr><td><strong>Tupla Tai Kuitti<\/strong><\/td><td>ok<\/td><td>0\/0<\/td><td>C\/D<\/td><td>105<\/td><td>0\/0<\/td><td>IDD0, VA1*, SP0, LTV4<br>* ylim\u00e4\u00e4rinen kylkiluupari<\/td><td>EH<\/td><\/tr><tr><td><strong>Torinon T\u00e4ystuho<\/strong><\/td><td>&#8211;<\/td><td>&#8211;<\/td><td>D\/C<\/td><td>105<\/td><td>0\/0<\/td><td>IDD1 (K2), VA0, SP0, LTV4<\/td><td>&#8211;<\/td><\/tr><tr><td><strong>Tuhkimo<\/strong><\/td><td>&#8211;<\/td><td>&#8211;<\/td><td>&#8211;<\/td><td>&#8211;<\/td><td>&#8211;<\/td><td>&#8211;<\/td><td>&#8211;<\/td><\/tr><tr><td><strong>T\u00e4ysosuma<\/strong><\/td><td>ok<\/td><td>0\/0<\/td><td>B\/C<\/td><td>111<\/td><td>0\/0<\/td><td>IDD1 (K1), VA0, SP0, LTV3<\/td><td>T<\/td><\/tr><tr><td><strong>Taco Tepsukka **<\/strong><\/td><td>&#8211;<\/td><td>&#8211;<\/td><td>&#8211;<\/td><td>&#8211;<\/td><td>&#8211;<\/td><td>&#8211;<\/td><td>&#8211;<\/td><\/tr><tr><td>** Sabaceous Adenitis,<br>maailman ainoa\/ainoita rodussaan!<\/td><\/tr><tr><td><br><\/td><\/tr><tr><td><strong>I-PENTUE 29.08.2017<\/strong><\/td><td>silm\u00e4t<\/td><td>polvet<\/td><td>lonkat<\/td><td>BLUP<\/td><td>kyyn\u00e4r<\/td><td>selk\u00e4<\/td><td>n\u00e4yttely<\/td><\/tr><tr><td><strong>Ihku Pablo<\/strong><\/td><td>&#8211;<\/td><td>&#8211;<\/td><td>&#8211;<\/td><td>&#8211;<\/td><td>&#8211;<\/td><td>&#8211;<\/td><td>&#8211;<\/td><\/tr><tr><td><strong>Ihme R\u00e4yh\u00e4<\/strong><\/td><td>ok<\/td><td>0\/0<\/td><td>B\/C<\/td><td>117<\/td><td>ED 0\/0<br>INC 0\/0<\/td><td>IDD1 (K2), VA0, SP0, LTV4<\/td><td>&#8211;<\/td><\/tr><tr><td><\/td><\/tr><tr><td><br><\/td><\/tr><tr><td><strong>M-PENTUE 20.11.2018<\/strong><\/td><td>silm\u00e4t<\/td><td>polvet<\/td><td>lonkat<\/td><td>BLUP<\/td><td>kyyn\u00e4r<\/td><td>selk\u00e4<\/td><td>n\u00e4yttely<\/td><\/tr><tr><td><strong>Marsalkka<\/strong> *<\/td><td>&#8211;<\/td><td>&#8211;<\/td><td>C\/C<\/td><td>114<\/td><td>INC 1\/1<\/td><td>ev LTV1<\/td><td>&#8211;<\/td><\/tr><tr><td><strong>Mister Lemmy<\/strong><\/td><td>&#8211;<\/td><td>&#8211;<\/td><td>&#8211;<\/td><td>&#8211;<\/td><td>&#8211;<\/td><td><br>v\u00e4lilevytyr\u00e4 12\/2022<\/td><td>&#8211;<\/td><\/tr><tr><td><strong>Mosku<\/strong><\/td><td>&#8211;<\/td><td>&#8211;<\/td><td>&#8211;<\/td><td>&#8211;<\/td><td>&#8211;<\/td><td>&#8211;<\/td><td>&#8211;<\/td><\/tr><tr><td><strong>M\u00f6r\u00f6k\u00f6lli<\/strong><\/td><td>&#8211;<\/td><td>&#8211;<\/td><td>&#8211;<\/td><td>&#8211;<\/td><td>&#8211;<\/td><td>&#8211;<\/td><td>&#8211;<\/td><\/tr><tr><td><strong>Mahtimimmi<\/strong><\/td><td>&#8211;<\/td><td>&#8211;<\/td><td>C\/C<\/td><td>116<\/td><td>INC 1\/1<\/td><td>IDD3 (K9) VA0 SP0 LTV1<\/td><td>&#8211;<\/td><\/tr><tr><td><strong>Melkoinen Fiasko<\/strong> **<\/td><td>ok<\/td><td>0\/0<\/td><td>B\/B<\/td><td>121<\/td><td>ED 0\/0<br>INC 0\/0<\/td><td>IDD3 (K5) VA0 SP0 LTV1<\/td><td>SERT<\/td><\/tr><tr><td><strong>Mesi Muheva Magia<\/strong><\/td><td>&#8211;<\/td><td>&#8211;<\/td><td>&#8211;<\/td><td>&#8211;<\/td><td>&#8211;<\/td><td>&#8211;<\/td><td>&#8211;<\/td><\/tr><tr><td><strong>Mortenin Tyt\u00e4r<\/strong><\/td><td>ok<\/td><td>0\/0<\/td><td>C\/C<\/td><td>114<\/td><td>ED 0\/0<br>INC 1\/1<\/td><td>IDD3 (K15) VA0 SP0 LTV1<\/td><td>EH<\/td><\/tr><tr><td>*kastroitu (kivesvikainen)<br>** SRMA, steriloitu<\/td><\/tr><\/tbody><\/table><\/figure>\n","protected":false},"excerpt":{"rendered":"<p>K-PENTUE 15.3.2008 silm\u00e4t polvet lonkat BLUP kyyn\u00e4r selk\u00e4 n\u00e4yttely Konnankoukku15.3.2008-10.6.2020 ok 0\/0 C\/C 98 0\/0 ev muuten ok, VA1 * EH Korttelin Kingi15.3.2008-27.11.2022 ok 0\/0 D\/D 94 0\/0 ev ok EH Kaunis Kelmi15.3.2008-20.6.2023 ok &#8211; C\/D 96 0\/0 ev ok SERT Kepulikonsti15.3.2008-16.4.2020 &#8211; 0\/0 D\/D 93 0\/0 ev ok H [&hellip;]<\/p>\n","protected":false},"author":1,"featured_media":0,"parent":0,"menu_order":0,"comment_status":"closed","ping_status":"closed","template":"","meta":{"ngg_post_thumbnail":0,"footnotes":""},"class_list":["post-30","page","type-page","status-publish","hentry"],"_links":{"self":[{"href":"http:\/\/www.karjavarkaan.com\/index.php?rest_route=\/wp\/v2\/pages\/30","targetHints":{"allow":["GET"]}}],"collection":[{"href":"http:\/\/www.karjavarkaan.com\/index.php?rest_route=\/wp\/v2\/pages"}],"about":[{"href":"http:\/\/www.karjavarkaan.com\/index.php?rest_route=\/wp\/v2\/types\/page"}],"author":[{"embeddable":true,"href":"http:\/\/www.karjavarkaan.com\/index.php?rest_route=\/wp\/v2\/users\/1"}],"replies":[{"embeddable":true,"href":"http:\/\/www.karjavarkaan.com\/index.php?rest_route=%2Fwp%2Fv2%2Fcomments&post=30"}],"version-history":[{"count":3,"href":"http:\/\/www.karjavarkaan.com\/index.php?rest_route=\/wp\/v2\/pages\/30\/revisions"}],"predecessor-version":[{"id":691,"href":"http:\/\/www.karjavarkaan.com\/index.php?rest_route=\/wp\/v2\/pages\/30\/revisions\/691"}],"wp:attachment":[{"href":"http:\/\/www.karjavarkaan.com\/index.php?rest_route=%2Fwp%2Fv2%2Fmedia&parent=30"}],"curies":[{"name":"wp","href":"https:\/\/api.w.org\/{rel}","templated":true}]}}