{"id":26,"date":"2021-01-12T09:30:18","date_gmt":"2021-01-12T07:30:18","guid":{"rendered":"http:\/\/www.karjavarkaan.com\/?page_id=26"},"modified":"2025-08-29T11:27:56","modified_gmt":"2025-08-29T08:27:56","slug":"koirat","status":"publish","type":"page","link":"http:\/\/www.karjavarkaan.com\/?page_id=26","title":{"rendered":"Koirat"},"content":{"rendered":"\n<h2 class=\"wp-block-heading\">Koirat = Welsh Corgi Cardiganit<\/h2>\n\n\n\n<h2 class=\"wp-block-heading\">Urokset<\/h2>\n\n\n\n<p>El\u00e4m\u00e4 sekalauman kanssa oli liian hermoja raastavaa, joten meill\u00e4 ei ole en\u00e4\u00e4 uroksia vakituisesti asumassa.<\/p>\n\n\n\n<p>Sijoitus\/yhteisomistus urokset l\u00f6yd\u00e4t alempaa<\/p>\n\n\n\n<h2 class=\"wp-block-heading\">Nartut<\/h2>\n\n\n\n<figure class=\"wp-block-image size-large\"><img loading=\"lazy\" decoding=\"async\" width=\"1024\" height=\"683\" src=\"http:\/\/www.karjavarkaan.com\/wp-content\/uploads\/2025\/05\/FB_IMG_1745316638508-1024x683.jpg\" alt=\"\" class=\"wp-image-804\" srcset=\"http:\/\/www.karjavarkaan.com\/wp-content\/uploads\/2025\/05\/FB_IMG_1745316638508-1024x683.jpg 1024w, http:\/\/www.karjavarkaan.com\/wp-content\/uploads\/2025\/05\/FB_IMG_1745316638508-300x200.jpg 300w, http:\/\/www.karjavarkaan.com\/wp-content\/uploads\/2025\/05\/FB_IMG_1745316638508-768x512.jpg 768w, http:\/\/www.karjavarkaan.com\/wp-content\/uploads\/2025\/05\/FB_IMG_1745316638508-360x240.jpg 360w, http:\/\/www.karjavarkaan.com\/wp-content\/uploads\/2025\/05\/FB_IMG_1745316638508.jpg 1440w\" sizes=\"auto, (max-width: 1024px) 100vw, 1024px\" \/><\/figure>\n\n\n\n<h3 class=\"wp-block-heading\">Karjavarkaan T\u00e4ysosuma &#8221;J\u00e4nn\u00e4&#8221;<\/h3>\n\n\n\n<p>05\/2015 <a href=\"http:\/\/jalostus.kennelliitto.fi\/frmKoira.aspx?RekNo=FI36073%2F15&amp;R=38\">KoiraNet<\/a><\/p>\n\n\n\n<p>silm\u00e4t: OK (08\/22) polvet: 0\/0<\/p>\n\n\n\n<p>lonkat: B\/C (BLUP 121) kyyn\u00e4reet ED 0\/0<\/p>\n\n\n\n<p>selk\u00e4: IDD1 (K1), VA0, SP0, LTV3<\/p>\n\n\n\n<p>CDDY\/CDDY, CDPA\/CDPA, PRA-vapaa, DM-kantaja, fluffy vapaa<\/p>\n\n\n\n<p><\/p>\n\n\n\n<figure class=\"wp-block-image size-large\"><img loading=\"lazy\" decoding=\"async\" width=\"1024\" height=\"683\" src=\"http:\/\/www.karjavarkaan.com\/wp-content\/uploads\/2025\/05\/FB_IMG_1745316633114-1024x683.jpg\" alt=\"\" class=\"wp-image-805\" srcset=\"http:\/\/www.karjavarkaan.com\/wp-content\/uploads\/2025\/05\/FB_IMG_1745316633114-1024x683.jpg 1024w, http:\/\/www.karjavarkaan.com\/wp-content\/uploads\/2025\/05\/FB_IMG_1745316633114-300x200.jpg 300w, http:\/\/www.karjavarkaan.com\/wp-content\/uploads\/2025\/05\/FB_IMG_1745316633114-768x512.jpg 768w, http:\/\/www.karjavarkaan.com\/wp-content\/uploads\/2025\/05\/FB_IMG_1745316633114-360x240.jpg 360w, http:\/\/www.karjavarkaan.com\/wp-content\/uploads\/2025\/05\/FB_IMG_1745316633114.jpg 1440w\" sizes=\"auto, (max-width: 1024px) 100vw, 1024px\" \/><\/figure>\n\n\n\n<h3 class=\"wp-block-heading\">Karjavarkaan Ihme R\u00e4yh\u00e4 &#8221;R\u00e4yh\u00e4&#8221;<\/h3>\n\n\n\n<p>08\/2017 <a href=\"http:\/\/jalostus.kennelliitto.fi\/frmKoira.aspx?RekNo=FI48672%2F17&amp;R=38\">KoiraNet<\/a><\/p>\n\n\n\n<p>silm\u00e4t: OK (12\/20) polvet: 0\/0<\/p>\n\n\n\n<p>lonkat: B\/C (BLUP 117) kyyn\u00e4reet ED 0\/0 INC 0\/0<\/p>\n\n\n\n<p>selk\u00e4: IDD1 (K2), VA0, SP0, LTV4<\/p>\n\n\n\n<p>CDDY\/CDDY, CDPA\/CDPA, PRA-vapaa, DM-kantaja, fluffy vapaa<\/p>\n\n\n\n<p><\/p>\n\n\n\n<figure class=\"wp-block-gallery has-nested-images columns-default is-cropped wp-block-gallery-1 is-layout-flex wp-block-gallery-is-layout-flex\">\n<figure class=\"wp-block-image size-large\"><img loading=\"lazy\" decoding=\"async\" width=\"1024\" height=\"683\" data-id=\"803\" src=\"http:\/\/www.karjavarkaan.com\/wp-content\/uploads\/2025\/05\/FB_IMG_1745316643535-1024x683.jpg\" alt=\"\" class=\"wp-image-803\" srcset=\"http:\/\/www.karjavarkaan.com\/wp-content\/uploads\/2025\/05\/FB_IMG_1745316643535-1024x683.jpg 1024w, http:\/\/www.karjavarkaan.com\/wp-content\/uploads\/2025\/05\/FB_IMG_1745316643535-300x200.jpg 300w, http:\/\/www.karjavarkaan.com\/wp-content\/uploads\/2025\/05\/FB_IMG_1745316643535-768x512.jpg 768w, http:\/\/www.karjavarkaan.com\/wp-content\/uploads\/2025\/05\/FB_IMG_1745316643535-360x240.jpg 360w, http:\/\/www.karjavarkaan.com\/wp-content\/uploads\/2025\/05\/FB_IMG_1745316643535.jpg 1440w\" sizes=\"auto, (max-width: 1024px) 100vw, 1024px\" \/><\/figure>\n<\/figure>\n\n\n\n<h3 class=\"wp-block-heading\">Karjavarkaan Sit\u00e4 Saa Mit\u00e4 Tilaa &#8221;Piru&#8221;<\/h3>\n\n\n\n<p>07\/2020 <a href=\"http:\/\/jalostus.kennelliitto.fi\/frmKoira.aspx?RekNo=FI40697%2F20&amp;R=38\">KoiraNet<\/a><\/p>\n\n\n\n<p>silm\u00e4t: OK (8\/22) polvet: 0\/0  olkanivelet terve\/terve<\/p>\n\n\n\n<p>lonkat: C\/C (BLUP 117) kyyn\u00e4reet: INC 1\/1<\/p>\n\n\n\n<p>selk\u00e4: IDD1 (K2), VA0, SP0, LTV4<\/p>\n\n\n\n<p>CDDY\/CDDY, CDPA\/CDPA, PRA-vapaa, DM-vapaa, fluffy vapaa<\/p>\n\n\n\n<p><\/p>\n\n\n\n<figure class=\"wp-block-gallery has-nested-images columns-default is-cropped wp-block-gallery-2 is-layout-flex wp-block-gallery-is-layout-flex\"><\/figure>\n\n\n\n<h3 class=\"wp-block-heading\"><\/h3>\n\n\n\n<p><\/p>\n\n\n\n<p><\/p>\n\n\n\n<p><\/p>\n\n\n\n<figure class=\"wp-block-image size-large\"><img loading=\"lazy\" decoding=\"async\" width=\"1024\" height=\"683\" src=\"https:\/\/www.karjavarkaan.com\/wp-content\/uploads\/2024\/11\/1000024539-1024x683.jpg\" alt=\"\" class=\"wp-image-732\" srcset=\"http:\/\/www.karjavarkaan.com\/wp-content\/uploads\/2024\/11\/1000024539-1024x683.jpg 1024w, http:\/\/www.karjavarkaan.com\/wp-content\/uploads\/2024\/11\/1000024539-300x200.jpg 300w, http:\/\/www.karjavarkaan.com\/wp-content\/uploads\/2024\/11\/1000024539-768x512.jpg 768w, http:\/\/www.karjavarkaan.com\/wp-content\/uploads\/2024\/11\/1000024539-360x240.jpg 360w, http:\/\/www.karjavarkaan.com\/wp-content\/uploads\/2024\/11\/1000024539.jpg 1440w\" sizes=\"auto, (max-width: 1024px) 100vw, 1024px\" \/><\/figure>\n\n\n\n<h3 class=\"wp-block-heading\"><strong>Karjavarkaan V\u00e4h\u00e4ks Kamala Karma &#8221;Karma&#8221;<\/strong><\/h3>\n\n\n\n<p>2\/2023 <a href=\"https:\/\/jalostus.kennelliitto.fi\/frmKoira.aspx?RekNo=FI20819%2F23&amp;R=38\" target=\"_blank\" rel=\"noreferrer noopener\">KoiraNet<\/a><\/p>\n\n\n\n<p>silm\u00e4t: OK (11\/24) polvet: 0\/0<\/p>\n\n\n\n<p>lonkat: C\/C (BLUP 103) kyyn\u00e4reet: INC 1\/0<\/p>\n\n\n\n<p>selk\u00e4: IDD2 (K3) VA0 SP0 LTV0 <\/p>\n\n\n\n<p>CDDY\/CDDY, CDPA\/CDPA, PRA-vapaa, DM-vapaa, fluffy kantaja<\/p>\n\n\n\n<p><\/p>\n\n\n\n<figure class=\"wp-block-image size-large\"><img loading=\"lazy\" decoding=\"async\" width=\"1024\" height=\"683\" src=\"http:\/\/www.karjavarkaan.com\/wp-content\/uploads\/2025\/05\/FB_IMG_1745316586016-1024x683.jpg\" alt=\"\" class=\"wp-image-806\" srcset=\"http:\/\/www.karjavarkaan.com\/wp-content\/uploads\/2025\/05\/FB_IMG_1745316586016-1024x683.jpg 1024w, http:\/\/www.karjavarkaan.com\/wp-content\/uploads\/2025\/05\/FB_IMG_1745316586016-300x200.jpg 300w, http:\/\/www.karjavarkaan.com\/wp-content\/uploads\/2025\/05\/FB_IMG_1745316586016-768x512.jpg 768w, http:\/\/www.karjavarkaan.com\/wp-content\/uploads\/2025\/05\/FB_IMG_1745316586016-360x240.jpg 360w, http:\/\/www.karjavarkaan.com\/wp-content\/uploads\/2025\/05\/FB_IMG_1745316586016.jpg 1440w\" sizes=\"auto, (max-width: 1024px) 100vw, 1024px\" \/><\/figure>\n\n\n\n<h3 class=\"wp-block-heading\">FI JMVA FI MVA <strong>Taigat\u00e4hden Wild Secrets To Karjavarkaan &#8221;Jippo&#8221;<\/strong><\/h3>\n\n\n\n<p>6\/2023 <a href=\"https:\/\/jalostus.kennelliitto.fi\/frmKoira.aspx?RekNo=FI35954%2F23&amp;R=38\" target=\"_blank\" rel=\"noreferrer noopener\">KoiraNet<\/a><\/p>\n\n\n\n<p>silm\u00e4t: ok (7\/25) polvet: 0\/0 syd\u00e4n: ok<\/p>\n\n\n\n<p>lonkat: C\/C kyyn\u00e4reet: 0\/1<\/p>\n\n\n\n<p>selk\u00e4: IDD1 (K1) VA0 SP0 LTV0<\/p>\n\n\n\n<p>CDDY\/CDDY, CDPA\/CDPA, PRA-vapaa, DM-kantaja, fluffy kantaja <\/p>\n\n\n\n<p><\/p>\n\n\n\n<figure class=\"wp-block-image size-large\"><img loading=\"lazy\" decoding=\"async\" width=\"1024\" height=\"683\" src=\"http:\/\/www.karjavarkaan.com\/wp-content\/uploads\/2025\/05\/FB_IMG_1745316593393-1024x683.jpg\" alt=\"\" class=\"wp-image-800\" srcset=\"http:\/\/www.karjavarkaan.com\/wp-content\/uploads\/2025\/05\/FB_IMG_1745316593393-1024x683.jpg 1024w, http:\/\/www.karjavarkaan.com\/wp-content\/uploads\/2025\/05\/FB_IMG_1745316593393-300x200.jpg 300w, http:\/\/www.karjavarkaan.com\/wp-content\/uploads\/2025\/05\/FB_IMG_1745316593393-768x512.jpg 768w, http:\/\/www.karjavarkaan.com\/wp-content\/uploads\/2025\/05\/FB_IMG_1745316593393-360x240.jpg 360w, http:\/\/www.karjavarkaan.com\/wp-content\/uploads\/2025\/05\/FB_IMG_1745316593393.jpg 1440w\" sizes=\"auto, (max-width: 1024px) 100vw, 1024px\" \/><\/figure>\n\n\n\n<h3 class=\"wp-block-heading\"><strong>Taigat\u00e4hden XOXO To Karjavarkaan &#8221;MetQ&#8221;<\/strong><\/h3>\n\n\n\n<p>5\/2024 <a href=\"https:\/\/jalostus.kennelliitto.fi\/frmKoira.aspx?RekNo=FI30452%2F24&amp;R=38\" target=\"_blank\" rel=\"noreferrer noopener\">KoiraNet<\/a><\/p>\n\n\n\n<p>silm\u00e4t: &#8211; polvet: &#8211;<\/p>\n\n\n\n<p>lonkat: &#8211; kyyn\u00e4reet: &#8211;<\/p>\n\n\n\n<p>selk\u00e4: &#8211;<\/p>\n\n\n\n<p>CDDY\/CDDY, CDPA\/CDPA, PRA-vapaa, DM-vapaa, fluffy kantaja<\/p>\n\n\n\n<p><\/p>\n\n\n\n<figure class=\"wp-block-image size-large\"><img loading=\"lazy\" decoding=\"async\" width=\"1024\" height=\"683\" src=\"http:\/\/www.karjavarkaan.com\/wp-content\/uploads\/2025\/05\/FB_IMG_1745316648552-1024x683.jpg\" alt=\"\" class=\"wp-image-802\" srcset=\"http:\/\/www.karjavarkaan.com\/wp-content\/uploads\/2025\/05\/FB_IMG_1745316648552-1024x683.jpg 1024w, http:\/\/www.karjavarkaan.com\/wp-content\/uploads\/2025\/05\/FB_IMG_1745316648552-300x200.jpg 300w, http:\/\/www.karjavarkaan.com\/wp-content\/uploads\/2025\/05\/FB_IMG_1745316648552-768x512.jpg 768w, http:\/\/www.karjavarkaan.com\/wp-content\/uploads\/2025\/05\/FB_IMG_1745316648552-360x240.jpg 360w, http:\/\/www.karjavarkaan.com\/wp-content\/uploads\/2025\/05\/FB_IMG_1745316648552.jpg 1440w\" sizes=\"auto, (max-width: 1024px) 100vw, 1024px\" \/><\/figure>\n\n\n\n<h3 class=\"wp-block-heading\"><strong>Karjavarkaan Yll\u00e4tt\u00e4v\u00e4n Kiva Kelmi &#8221;Kelmi&#8221;<\/strong><\/h3>\n\n\n\n<p>07\/2024 <a href=\"https:\/\/jalostus.kennelliitto.fi\/frmKoira.aspx?RekNo=FI41115%2F24&amp;R=38\" target=\"_blank\" rel=\"noreferrer noopener\">KoiraNet<\/a><\/p>\n\n\n\n<p>silm\u00e4t: &#8211; polvet: &#8211;<\/p>\n\n\n\n<p>lonkat: &#8211; kyyn\u00e4reet: &#8211;<\/p>\n\n\n\n<p>selk\u00e4: &#8211;<\/p>\n\n\n\n<p>CDDY\/CDDY, CDPA\/CDPA, PRA-vapaa, DM-vapaa, fluffy vapaa, curly kantaja<\/p>\n\n\n\n<p><\/p>\n\n\n\n<figure class=\"wp-block-image size-large\"><img loading=\"lazy\" decoding=\"async\" width=\"1024\" height=\"770\" src=\"https:\/\/www.karjavarkaan.com\/wp-content\/uploads\/2025\/08\/1000042166-1024x770.jpg\" alt=\"\" class=\"wp-image-848\" srcset=\"http:\/\/www.karjavarkaan.com\/wp-content\/uploads\/2025\/08\/1000042166-1024x770.jpg 1024w, http:\/\/www.karjavarkaan.com\/wp-content\/uploads\/2025\/08\/1000042166-300x226.jpg 300w, http:\/\/www.karjavarkaan.com\/wp-content\/uploads\/2025\/08\/1000042166-768x578.jpg 768w, http:\/\/www.karjavarkaan.com\/wp-content\/uploads\/2025\/08\/1000042166-1536x1155.jpg 1536w, http:\/\/www.karjavarkaan.com\/wp-content\/uploads\/2025\/08\/1000042166-2048x1541.jpg 2048w\" sizes=\"auto, (max-width: 1024px) 100vw, 1024px\" \/><\/figure>\n\n\n\n<h3 class=\"wp-block-heading\"><strong>Karjavarkaan Aika Mahtava Musti &#8221;Musti&#8221;<\/strong><\/h3>\n\n\n\n<p>05\/2025 <a href=\"https:\/\/jalostus.kennelliitto.fi\/frmKoira.aspx?RekNo=FI28658%2F25&amp;R=38\" target=\"_blank\" rel=\"noreferrer noopener\">KoiraNet<\/a><\/p>\n\n\n\n<p>silm\u00e4t: &#8211; polvet: &#8211;<\/p>\n\n\n\n<p>lonkat: &#8211; kyyn\u00e4reet: &#8211;<\/p>\n\n\n\n<p>selk\u00e4: &#8211;<\/p>\n\n\n\n<p>CDDY\/CDDY, CDPA\/CDPA, PRA-vapaa, DM-vapaa, fluffy vapaa<\/p>\n\n\n\n<p><\/p>\n\n\n\n<p><\/p>\n\n\n\n<h2 class=\"wp-block-heading\">SIJOITUS\/YHTEISOMISTUS<\/h2>\n\n\n\n<figure class=\"wp-block-image size-large\"><img loading=\"lazy\" decoding=\"async\" width=\"1024\" height=\"683\" src=\"http:\/\/www.karjavarkaan.com\/wp-content\/uploads\/2023\/08\/FB_IMG_1691476866235-1024x683.jpg\" alt=\"\" class=\"wp-image-648\" srcset=\"http:\/\/www.karjavarkaan.com\/wp-content\/uploads\/2023\/08\/FB_IMG_1691476866235-1024x683.jpg 1024w, http:\/\/www.karjavarkaan.com\/wp-content\/uploads\/2023\/08\/FB_IMG_1691476866235-300x200.jpg 300w, http:\/\/www.karjavarkaan.com\/wp-content\/uploads\/2023\/08\/FB_IMG_1691476866235-768x512.jpg 768w, http:\/\/www.karjavarkaan.com\/wp-content\/uploads\/2023\/08\/FB_IMG_1691476866235-360x240.jpg 360w, http:\/\/www.karjavarkaan.com\/wp-content\/uploads\/2023\/08\/FB_IMG_1691476866235.jpg 1080w\" sizes=\"auto, (max-width: 1024px) 100vw, 1024px\" \/><\/figure>\n\n\n\n<h3 class=\"wp-block-heading\"><strong>Karjavarkaan Ritari\u00e4ss\u00e4 &#8221;Ritari&#8221;<\/strong><\/h3>\n\n\n\n<p>8\/2011 <a href=\"https:\/\/jalostus.kennelliitto.fi\/frmKoira.aspx?RekNo=FI53330%2F11\" target=\"_blank\" rel=\"noreferrer noopener\">KoiraNet<\/a><\/p>\n\n\n\n<p>silm\u00e4t: OK (12\/20) polvet: 0\/0<\/p>\n\n\n\n<p>lonkat: C\/C (BLUP 120)  kyyn\u00e4reet: ED 0\/0<\/p>\n\n\n\n<p>selk\u00e4: IDD0 (K0) VA0 SP0 LTV2<\/p>\n\n\n\n<p><\/p>\n\n\n\n<figure class=\"wp-block-image size-full\"><img loading=\"lazy\" decoding=\"async\" width=\"1158\" height=\"706\" src=\"http:\/\/www.karjavarkaan.com\/wp-content\/uploads\/2024\/11\/Screenshot_2024-11-17-14-43-54-13_a23b203fd3aafc6dcb84e438dda678b6.jpg\" alt=\"\" class=\"wp-image-731\" srcset=\"http:\/\/www.karjavarkaan.com\/wp-content\/uploads\/2024\/11\/Screenshot_2024-11-17-14-43-54-13_a23b203fd3aafc6dcb84e438dda678b6.jpg 1158w, http:\/\/www.karjavarkaan.com\/wp-content\/uploads\/2024\/11\/Screenshot_2024-11-17-14-43-54-13_a23b203fd3aafc6dcb84e438dda678b6-300x183.jpg 300w, http:\/\/www.karjavarkaan.com\/wp-content\/uploads\/2024\/11\/Screenshot_2024-11-17-14-43-54-13_a23b203fd3aafc6dcb84e438dda678b6-1024x624.jpg 1024w, http:\/\/www.karjavarkaan.com\/wp-content\/uploads\/2024\/11\/Screenshot_2024-11-17-14-43-54-13_a23b203fd3aafc6dcb84e438dda678b6-768x468.jpg 768w\" sizes=\"auto, (max-width: 1158px) 100vw, 1158px\" \/><\/figure>\n\n\n\n<h3 class=\"wp-block-heading\"><strong>Karjavarkaan Just Eik\u00e4 Melkein &#8221;Pahis\/Mahis&#8221;<\/strong><\/h3>\n\n\n\n<p>11\/2014 <a href=\"https:\/\/jalostus.kennelliitto.fi\/frmKoira.aspx?RekNo=FI55968\/14&amp;R=38\" target=\"_blank\" rel=\"noreferrer noopener\">KoiraNet<\/a><\/p>\n\n\n\n<p>silm\u00e4t: OK (01\/23) polvet: 0\/0<\/p>\n\n\n\n<p>lonkat: B\/B (BLUP 118)  kyyn\u00e4reet: ED 0\/0<\/p>\n\n\n\n<p>selk\u00e4: IDD1 (K1) VA1 SP0 LTV1<\/p>\n\n\n\n<p><\/p>\n\n\n\n<figure class=\"wp-block-image size-full\"><img loading=\"lazy\" decoding=\"async\" width=\"825\" height=\"500\" src=\"https:\/\/www.karjavarkaan.com\/wp-content\/uploads\/2024\/01\/mimmi-1.jpg\" alt=\"\" class=\"wp-image-684\" srcset=\"http:\/\/www.karjavarkaan.com\/wp-content\/uploads\/2024\/01\/mimmi-1.jpg 825w, http:\/\/www.karjavarkaan.com\/wp-content\/uploads\/2024\/01\/mimmi-1-300x182.jpg 300w, http:\/\/www.karjavarkaan.com\/wp-content\/uploads\/2024\/01\/mimmi-1-768x465.jpg 768w\" sizes=\"auto, (max-width: 825px) 100vw, 825px\" \/><\/figure>\n\n\n\n<h3 class=\"wp-block-heading\">Lulubelle&#8217;s Tender Trouble &#8221;Mimmi&#8221; \/IMP NO<\/h3>\n\n\n\n<p>10\/2019 <a href=\"https:\/\/jalostus.kennelliitto.fi\/frmKoira.aspx?RekNo=FI53132%2F21&amp;R=38\" target=\"_blank\" rel=\"noreferrer noopener\">KoiraNet<\/a><\/p>\n\n\n\n<p>silm\u00e4t: ok (08\/23) polvet: 0\/0 syd\u00e4n: ok<\/p>\n\n\n\n<p>lonkat: B\/B (BLUP 117)  kyyn\u00e4reet: INC 1\/1<\/p>\n\n\n\n<p>selk\u00e4: IDD3 (K5) VA0 SP0 LTV0<\/p>\n\n\n\n<p><\/p>\n\n\n\n<figure class=\"wp-block-image size-full\"><img loading=\"lazy\" decoding=\"async\" width=\"2560\" height=\"1720\" src=\"http:\/\/www.karjavarkaan.com\/wp-content\/uploads\/2024\/11\/1000024101-scaled.jpg\" alt=\"\" class=\"wp-image-724\" srcset=\"http:\/\/www.karjavarkaan.com\/wp-content\/uploads\/2024\/11\/1000024101-scaled.jpg 2560w, http:\/\/www.karjavarkaan.com\/wp-content\/uploads\/2024\/11\/1000024101-300x202.jpg 300w, http:\/\/www.karjavarkaan.com\/wp-content\/uploads\/2024\/11\/1000024101-1024x688.jpg 1024w, http:\/\/www.karjavarkaan.com\/wp-content\/uploads\/2024\/11\/1000024101-768x516.jpg 768w, http:\/\/www.karjavarkaan.com\/wp-content\/uploads\/2024\/11\/1000024101-1536x1032.jpg 1536w, http:\/\/www.karjavarkaan.com\/wp-content\/uploads\/2024\/11\/1000024101-2048x1376.jpg 2048w\" sizes=\"auto, (max-width: 2560px) 100vw, 2560px\" \/><\/figure>\n\n\n\n<h3 class=\"wp-block-heading\">Karjavarkaan Aito Akka &#8221;Tellu&#8221;<\/h3>\n\n\n\n<p>1\/2021 <a href=\"https:\/\/jalostus.kennelliitto.fi\/frmKoira.aspx?RekNo=FI18574\/21&amp;R=38\" target=\"_blank\" rel=\"noreferrer noopener\">KoiraNet<\/a><\/p>\n\n\n\n<p>silm\u00e4t: OK (11\/24) polvet: 0\/0<\/p>\n\n\n\n<p>lonkat: A\/A (BLUP 127)  kyyn\u00e4reet: INC 1\/1<\/p>\n\n\n\n<p>selk\u00e4: IDD3 (K7) VA0 SP0 LTV1<\/p>\n\n\n\n<p><\/p>\n\n\n\n<figure class=\"wp-block-image size-full\"><img loading=\"lazy\" decoding=\"async\" width=\"1000\" height=\"667\" src=\"https:\/\/www.karjavarkaan.com\/wp-content\/uploads\/2023\/08\/180623-07leevi.jpg\" alt=\"\" class=\"wp-image-647\" srcset=\"http:\/\/www.karjavarkaan.com\/wp-content\/uploads\/2023\/08\/180623-07leevi.jpg 1000w, http:\/\/www.karjavarkaan.com\/wp-content\/uploads\/2023\/08\/180623-07leevi-300x200.jpg 300w, http:\/\/www.karjavarkaan.com\/wp-content\/uploads\/2023\/08\/180623-07leevi-768x512.jpg 768w, http:\/\/www.karjavarkaan.com\/wp-content\/uploads\/2023\/08\/180623-07leevi-360x240.jpg 360w\" sizes=\"auto, (max-width: 1000px) 100vw, 1000px\" \/><\/figure>\n\n\n\n<h3 class=\"wp-block-heading\"><strong>Karjavarkaan Uusi \u00c4lynv\u00e4l\u00e4ys &#8221;Leevi&#8221;<\/strong><\/h3>\n\n\n\n<p>1\/2022 <a href=\"https:\/\/jalostus.kennelliitto.fi\/frmKoira.aspx?RekNo=FI16497%2F22&amp;R=38\" target=\"_blank\" rel=\"noreferrer noopener\">KoiraNet<\/a><\/p>\n\n\n\n<p>silm\u00e4t: &#8211; polvet: 0\/0<\/p>\n\n\n\n<p>lonkat: E\/D (BLUP 93) kyyn\u00e4reet: INC 1\/1<\/p>\n\n\n\n<p>selk\u00e4: IDD1 (K2) VA0 SP0 LTV1<\/p>\n\n\n\n<p><\/p>\n\n\n\n<figure class=\"wp-block-image size-large\"><img loading=\"lazy\" decoding=\"async\" width=\"1024\" height=\"683\" src=\"http:\/\/www.karjavarkaan.com\/wp-content\/uploads\/2023\/05\/riiviopose-1024x683.jpg\" alt=\"\" class=\"wp-image-607\" srcset=\"http:\/\/www.karjavarkaan.com\/wp-content\/uploads\/2023\/05\/riiviopose-1024x683.jpg 1024w, http:\/\/www.karjavarkaan.com\/wp-content\/uploads\/2023\/05\/riiviopose-300x200.jpg 300w, http:\/\/www.karjavarkaan.com\/wp-content\/uploads\/2023\/05\/riiviopose-768x512.jpg 768w, http:\/\/www.karjavarkaan.com\/wp-content\/uploads\/2023\/05\/riiviopose-1536x1024.jpg 1536w, http:\/\/www.karjavarkaan.com\/wp-content\/uploads\/2023\/05\/riiviopose-2048x1365.jpg 2048w, http:\/\/www.karjavarkaan.com\/wp-content\/uploads\/2023\/05\/riiviopose-360x240.jpg 360w\" sizes=\"auto, (max-width: 1024px) 100vw, 1024px\" \/><\/figure>\n\n\n\n<h3 class=\"wp-block-heading\">Karjavarkaan Uskomaton Riivi\u00f6 &#8221;Riivi\u00f6&#8221;<\/h3>\n\n\n\n<p>01\/2022 <a href=\"https:\/\/jalostus.kennelliitto.fi\/frmKoira.aspx?RekNo=FI16495%2F22&amp;R=38\" target=\"_blank\" rel=\"noreferrer noopener\">KoiraNet<\/a><\/p>\n\n\n\n<p>silm\u00e4t: OK (11\/24) polvet: 0\/0<\/p>\n\n\n\n<p>lonkat: D\/C (BLUP 99) kyyn\u00e4reet: INC 1\/1<\/p>\n\n\n\n<p>selk\u00e4: IDD1 (K2) VA0 SP0 LTV0 <\/p>\n\n\n\n<p><\/p>\n\n\n\n<figure class=\"wp-block-image size-large\"><img loading=\"lazy\" decoding=\"async\" width=\"1024\" height=\"683\" src=\"https:\/\/www.karjavarkaan.com\/wp-content\/uploads\/2025\/08\/1000040557-1024x683.jpg\" alt=\"\" class=\"wp-image-829\" srcset=\"http:\/\/www.karjavarkaan.com\/wp-content\/uploads\/2025\/08\/1000040557-1024x683.jpg 1024w, http:\/\/www.karjavarkaan.com\/wp-content\/uploads\/2025\/08\/1000040557-300x200.jpg 300w, http:\/\/www.karjavarkaan.com\/wp-content\/uploads\/2025\/08\/1000040557-768x512.jpg 768w, http:\/\/www.karjavarkaan.com\/wp-content\/uploads\/2025\/08\/1000040557-1536x1024.jpg 1536w, http:\/\/www.karjavarkaan.com\/wp-content\/uploads\/2025\/08\/1000040557-360x240.jpg 360w, http:\/\/www.karjavarkaan.com\/wp-content\/uploads\/2025\/08\/1000040557.jpg 2048w\" sizes=\"auto, (max-width: 1024px) 100vw, 1024px\" \/><figcaption class=\"wp-element-caption\">7kk ROP-pentu \/kuva: Marika Lepp\u00e4nen<\/figcaption><\/figure>\n\n\n\n<h3 class=\"wp-block-heading\">Karjavarkaan \u00c4rripurri Kerttu &#8221;Kerttu&#8221;<\/h3>\n\n\n\n<p>12\/2024 <a href=\"https:\/\/jalostus.kennelliitto.fi\/frmKoira.aspx?RekNo=FI12482%2F25&amp;R=38\" target=\"_blank\" rel=\"noreferrer noopener\">KoiraNet<\/a><\/p>\n\n\n\n<p>silm\u00e4t: &#8211;   polvet: &#8211;<\/p>\n\n\n\n<p>lonkat: &#8211;   kyyn\u00e4reet: &#8211;<\/p>\n\n\n\n<p>selk\u00e4: &#8211; <\/p>\n\n\n\n<p>.<\/p>\n\n\n\n<h2 class=\"wp-block-heading\">MUISTOISSAMME<\/h2>\n\n\n\n<p><strong>Findo &#8221;Fido&#8221;<\/strong><\/p>\n\n\n\n<p>1998 &#8211; 2013 <a href=\"https:\/\/jalostus.kennelliitto.fi\/frmKoira.aspx?RekNo=FIN36592\/98&amp;R=38\" target=\"_blank\" rel=\"noreferrer noopener\">KoiraNet<\/a><br>silm\u00e4t: OK (-01, -03, -08) polvet: ev 0\/0<br>lonkat: C\/D (artrosis 1\/1) kyyn\u00e4reet 0\/0<br>selk\u00e4: ev. OK (-02)<\/p>\n\n\n\n<p><strong>Iida &#8221;Iida&#8221;<\/strong><br>2003 &#8211; 2011 <a href=\"https:\/\/jalostus.kennelliitto.fi\/frmKoira.aspx?RekNo=FIN30574%2F03&amp;R=38\" target=\"_blank\" rel=\"noreferrer noopener\">KoiraNet<\/a><br>silm\u00e4t: OK (-05, -09) polvet: 0\/0<br>lonkat: D\/D kyyn\u00e4reet 0\/0<br>selk\u00e4: ev. OK (-04, -08)<\/p>\n\n\n\n<p><strong>Big-Wood&#8217;s Blueberry &#8221;Tantta&#8221;<\/strong><br>2005 &#8211; 2011 <a href=\"https:\/\/jalostus.kennelliitto.fi\/frmKoira.aspx?RekNo=EJ45960%2F05&amp;R=38\" target=\"_blank\" rel=\"noreferrer noopener\">KoiraNet<\/a><br>silm\u00e4t: HC (ks. koiranet) polvet: 0\/0<br>lonkat: B\/B (BLUP 106) kyyn\u00e4reet 0\/0<br>selk\u00e4: ev. OK (-07)<\/p>\n\n\n\n<p><strong>Whiskerville&#8217;s Aspen Cattle Thief &#8221;Flicka&#8221;<\/strong><br>2009-2017 <a href=\"https:\/\/jalostus.kennelliitto.fi\/frmKoira.aspx?RekNo=FI34134\/09&amp;R=38\" target=\"_blank\" rel=\"noreferrer noopener\">KoiraNet<br><\/a>silm\u00e4t: OK (-10, -11, -14) polvet: 0\/1<br>lonkat: B\/B (BLUP 122) kyyn\u00e4reet ED 0\/0<br>selk\u00e4: 2017 IDD1 (K1), SP0, VA0, LTV1 (2010: ev ok)<\/p>\n\n\n\n<p><strong>Karjavarkaan K\u00f6yh\u00e4t Kyykkyyn &#8221;Limppu&#8221;<\/strong><br>2008-2020 <a href=\"https:\/\/jalostus.kennelliitto.fi\/frmKoira.aspx?RekNo=FIN23319%2F08&amp;R=38\" target=\"_blank\" rel=\"noreferrer noopener\">KoiraNet<br><\/a>silm\u00e4t: OK (-09, -10, -12, -14, -16) polvet: 0\/0<br>lonkat: C\/C (BLUP 101) kyyn\u00e4reet ED 0\/0<br>selk\u00e4: ev OK 08\/2009 &amp; 12\/2012<\/p>\n\n\n\n<p><strong>Karjavarkaan Riskibisnes &#8221;Viivi&#8221;<\/strong><br>2011-2023 <a href=\"https:\/\/jalostus.kennelliitto.fi\/frmKoira.aspx?RekNo=FI53336%2F11&amp;R=38\" target=\"_blank\" rel=\"noreferrer noopener\">KoiraNet<br><\/a>silm\u00e4t: OK (-14) polvet: ev 0\/0<br>lonkat: B\/C (BLUP 118) kyyn\u00e4reet ED 0\/0<br>selk\u00e4: IDD1 (K1), SP0, VA0, LTV3<\/p>\n\n\n\n<p><strong>Karjavarkaan Melkoinen Fiasko &#8221;Fia&#8221;<\/strong><br>2018-2024 <a href=\"https:\/\/jalostus.kennelliitto.fi\/frmKoira.aspx?RekNo=FI10762%2F19&amp;R=38\" target=\"_blank\" rel=\"noreferrer noopener\">KoiraNet<\/a><br>silm\u00e4t: OK (-20) polvet: 0\/0<br>lonkat: B\/B (BLUP 124) kyyn\u00e4reet ED 0\/0 INC 0\/0<br>selk\u00e4: IDD3 (K5), SP0, VA0, LTV1<\/p>\n","protected":false},"excerpt":{"rendered":"<p>Koirat = Welsh Corgi Cardiganit Urokset El\u00e4m\u00e4 sekalauman kanssa oli liian hermoja raastavaa, joten meill\u00e4 ei ole en\u00e4\u00e4 uroksia vakituisesti asumassa. Sijoitus\/yhteisomistus urokset l\u00f6yd\u00e4t alempaa Nartut Karjavarkaan T\u00e4ysosuma &#8221;J\u00e4nn\u00e4&#8221; 05\/2015 KoiraNet silm\u00e4t: OK (08\/22) polvet: 0\/0 lonkat: B\/C (BLUP 121) kyyn\u00e4reet ED 0\/0 selk\u00e4: IDD1 (K1), VA0, SP0, LTV3 CDDY\/CDDY, [&hellip;]<\/p>\n","protected":false},"author":1,"featured_media":0,"parent":0,"menu_order":0,"comment_status":"closed","ping_status":"closed","template":"","meta":{"ngg_post_thumbnail":0,"footnotes":""},"class_list":["post-26","page","type-page","status-publish","hentry"],"_links":{"self":[{"href":"http:\/\/www.karjavarkaan.com\/index.php?rest_route=\/wp\/v2\/pages\/26","targetHints":{"allow":["GET"]}}],"collection":[{"href":"http:\/\/www.karjavarkaan.com\/index.php?rest_route=\/wp\/v2\/pages"}],"about":[{"href":"http:\/\/www.karjavarkaan.com\/index.php?rest_route=\/wp\/v2\/types\/page"}],"author":[{"embeddable":true,"href":"http:\/\/www.karjavarkaan.com\/index.php?rest_route=\/wp\/v2\/users\/1"}],"replies":[{"embeddable":true,"href":"http:\/\/www.karjavarkaan.com\/index.php?rest_route=%2Fwp%2Fv2%2Fcomments&post=26"}],"version-history":[{"count":44,"href":"http:\/\/www.karjavarkaan.com\/index.php?rest_route=\/wp\/v2\/pages\/26\/revisions"}],"predecessor-version":[{"id":849,"href":"http:\/\/www.karjavarkaan.com\/index.php?rest_route=\/wp\/v2\/pages\/26\/revisions\/849"}],"wp:attachment":[{"href":"http:\/\/www.karjavarkaan.com\/index.php?rest_route=%2Fwp%2Fv2%2Fmedia&parent=26"}],"curies":[{"name":"wp","href":"https:\/\/api.w.org\/{rel}","templated":true}]}}